{"id":8,"date":"2021-11-29T09:24:52","date_gmt":"2021-11-29T09:24:52","guid":{"rendered":"https:\/\/autekoy.fi\/?page_id=8"},"modified":"2023-11-05T12:03:35","modified_gmt":"2023-11-05T12:03:35","slug":"yritys","status":"publish","type":"page","link":"https:\/\/autekoy.fi\/?page_id=8","title":{"rendered":"Yritys"},"content":{"rendered":"\n<div class=\"wp-block-columns alignwide is-layout-flex wp-container-core-columns-is-layout-d2da2050 wp-block-columns-is-layout-flex\" style=\"margin-bottom:0\">\n<div class=\"wp-block-column has-ast-global-color-5-color has-vivid-red-background-color has-text-color has-background has-link-color wp-elements-f4c9f17713ab513a69a1d5c022f02973 is-layout-flow wp-block-column-is-layout-flow\" style=\"padding-top:2em;padding-right:2em;padding-bottom:2em;padding-left:2em\">\n<h2 class=\"wp-block-heading has-text-align-center has-ast-global-color-5-color has-text-color\" id=\"single\" style=\"font-size:40px\"><strong>automaatio<\/strong><\/h2>\n\n\n\n<hr class=\"wp-block-separator has-text-color has-white-color has-alpha-channel-opacity has-white-background-color has-background is-style-wide\"\/>\n<\/div>\n\n\n\n<div class=\"wp-block-column has-black-background-color has-text-color has-background has-link-color wp-elements-fc33e44882fb61d3410c36691a3d8852 is-layout-flow wp-block-column-is-layout-flow\" style=\"color:#000000;padding-top:2em;padding-right:2em;padding-bottom:2em;padding-left:2em\">\n<h2 class=\"wp-block-heading has-text-align-center has-ast-global-color-5-color has-text-color\" id=\"family\" style=\"font-size:40px\"><strong>s\u00e4hk\u00f6istys<\/strong><\/h2>\n\n\n\n<hr class=\"wp-block-separator has-text-color has-ast-global-color-5-color has-alpha-channel-opacity has-ast-global-color-5-background-color has-background is-style-wide\"\/>\n<\/div>\n\n\n\n<div class=\"wp-block-column has-text-color has-background has-link-color wp-elements-cd1472d209c9e5632fdc618a174f8e33 is-layout-flow wp-block-column-is-layout-flow\" style=\"color:#000000;background-color:#515357;padding-top:2em;padding-right:2em;padding-bottom:2em;padding-left:2em\">\n<h2 class=\"wp-block-heading has-text-align-center has-ast-global-color-5-color has-text-color\" id=\"patron\" style=\"font-size:40px\"><strong>ilmanvaihto<\/strong><\/h2>\n\n\n\n<hr class=\"wp-block-separator has-text-color has-ast-global-color-5-color has-alpha-channel-opacity has-ast-global-color-5-background-color has-background is-style-wide\"\/>\n<\/div>\n<\/div>\n\n\n\n<div style=\"height:100px\" aria-hidden=\"true\" class=\"wp-block-spacer\"><\/div>\n\n\n\n<div class=\"wp-block-buttons is-content-justification-center is-layout-flex wp-container-core-buttons-is-layout-a89b3969 wp-block-buttons-is-layout-flex\">\n<div class=\"wp-block-button has-custom-width wp-block-button__width-50 has-custom-font-size has-medium-font-size\"><a class=\"wp-block-button__link wp-element-button\" href=\"https:\/\/autekoy.fi\/?page_id=2\">Ota yhteytt\u00e4 ja kysy lis\u00e4\u00e4!<\/a><\/div>\n<\/div>\n\n\n\n<div style=\"height:100px\" aria-hidden=\"true\" class=\"wp-block-spacer\"><\/div>\n\n\n\n<figure class=\"wp-block-gallery has-nested-images columns-4 is-cropped wp-block-gallery-1 is-layout-flex wp-block-gallery-is-layout-flex\">\n<figure class=\"wp-block-image size-large\"><img loading=\"lazy\" decoding=\"async\" width=\"768\" height=\"1024\" data-id=\"101\" src=\"https:\/\/autekoy.fi\/wp-content\/uploads\/2023\/10\/IMG_1252-2-768x1024.jpeg\" alt=\"\" class=\"wp-image-101\" srcset=\"https:\/\/autekoy.fi\/wp-content\/uploads\/2023\/10\/IMG_1252-2-768x1024.jpeg 768w, https:\/\/autekoy.fi\/wp-content\/uploads\/2023\/10\/IMG_1252-2-225x300.jpeg 225w, https:\/\/autekoy.fi\/wp-content\/uploads\/2023\/10\/IMG_1252-2-1152x1536.jpeg 1152w, https:\/\/autekoy.fi\/wp-content\/uploads\/2023\/10\/IMG_1252-2.jpeg 1536w\" sizes=\"auto, (max-width: 768px) 100vw, 768px\" \/><\/figure>\n\n\n\n<figure class=\"wp-block-image size-large is-style-default\"><img loading=\"lazy\" decoding=\"async\" width=\"768\" height=\"1024\" data-id=\"100\" src=\"https:\/\/autekoy.fi\/wp-content\/uploads\/2023\/10\/IMG_2305-2-768x1024.jpeg\" alt=\"\" class=\"wp-image-100\" srcset=\"https:\/\/autekoy.fi\/wp-content\/uploads\/2023\/10\/IMG_2305-2-768x1024.jpeg 768w, https:\/\/autekoy.fi\/wp-content\/uploads\/2023\/10\/IMG_2305-2-225x300.jpeg 225w, https:\/\/autekoy.fi\/wp-content\/uploads\/2023\/10\/IMG_2305-2-1152x1536.jpeg 1152w, https:\/\/autekoy.fi\/wp-content\/uploads\/2023\/10\/IMG_2305-2.jpeg 1536w\" sizes=\"auto, (max-width: 768px) 100vw, 768px\" \/><\/figure>\n\n\n\n<figure class=\"wp-block-image size-large\"><img loading=\"lazy\" decoding=\"async\" width=\"1024\" height=\"768\" data-id=\"99\" src=\"https:\/\/autekoy.fi\/wp-content\/uploads\/2023\/10\/41e85ba2-35f1-4a22-acff-ccbb5ccbe0a4-2-1024x768.jpeg\" alt=\"\" class=\"wp-image-99\" srcset=\"https:\/\/autekoy.fi\/wp-content\/uploads\/2023\/10\/41e85ba2-35f1-4a22-acff-ccbb5ccbe0a4-2-1024x768.jpeg 1024w, https:\/\/autekoy.fi\/wp-content\/uploads\/2023\/10\/41e85ba2-35f1-4a22-acff-ccbb5ccbe0a4-2-300x225.jpeg 300w, https:\/\/autekoy.fi\/wp-content\/uploads\/2023\/10\/41e85ba2-35f1-4a22-acff-ccbb5ccbe0a4-2-768x576.jpeg 768w, https:\/\/autekoy.fi\/wp-content\/uploads\/2023\/10\/41e85ba2-35f1-4a22-acff-ccbb5ccbe0a4-2-1536x1152.jpeg 1536w, https:\/\/autekoy.fi\/wp-content\/uploads\/2023\/10\/41e85ba2-35f1-4a22-acff-ccbb5ccbe0a4-2.jpeg 1600w\" sizes=\"auto, (max-width: 1024px) 100vw, 1024px\" \/><\/figure>\n\n\n\n<figure class=\"wp-block-image size-large\"><img loading=\"lazy\" decoding=\"async\" width=\"768\" height=\"1024\" data-id=\"104\" src=\"https:\/\/autekoy.fi\/wp-content\/uploads\/2023\/10\/IMG_0339-1-768x1024.jpeg\" alt=\"\" class=\"wp-image-104\" srcset=\"https:\/\/autekoy.fi\/wp-content\/uploads\/2023\/10\/IMG_0339-1-768x1024.jpeg 768w, https:\/\/autekoy.fi\/wp-content\/uploads\/2023\/10\/IMG_0339-1-225x300.jpeg 225w, https:\/\/autekoy.fi\/wp-content\/uploads\/2023\/10\/IMG_0339-1-1152x1536.jpeg 1152w, https:\/\/autekoy.fi\/wp-content\/uploads\/2023\/10\/IMG_0339-1.jpeg 1536w\" sizes=\"auto, (max-width: 768px) 100vw, 768px\" \/><\/figure>\n\n\n\n<figure class=\"wp-block-image size-large\"><img loading=\"lazy\" decoding=\"async\" width=\"768\" height=\"1024\" data-id=\"107\" src=\"https:\/\/autekoy.fi\/wp-content\/uploads\/2023\/10\/IMG_0115-1-768x1024.jpeg\" alt=\"\" class=\"wp-image-107\" srcset=\"https:\/\/autekoy.fi\/wp-content\/uploads\/2023\/10\/IMG_0115-1-768x1024.jpeg 768w, https:\/\/autekoy.fi\/wp-content\/uploads\/2023\/10\/IMG_0115-1-225x300.jpeg 225w, https:\/\/autekoy.fi\/wp-content\/uploads\/2023\/10\/IMG_0115-1-1152x1536.jpeg 1152w, https:\/\/autekoy.fi\/wp-content\/uploads\/2023\/10\/IMG_0115-1.jpeg 1536w\" sizes=\"auto, (max-width: 768px) 100vw, 768px\" \/><\/figure>\n\n\n\n<figure class=\"wp-block-image size-large\"><img loading=\"lazy\" decoding=\"async\" width=\"768\" height=\"1024\" data-id=\"106\" src=\"https:\/\/autekoy.fi\/wp-content\/uploads\/2023\/10\/IMG_1558-1-768x1024.jpeg\" alt=\"\" class=\"wp-image-106\" srcset=\"https:\/\/autekoy.fi\/wp-content\/uploads\/2023\/10\/IMG_1558-1-768x1024.jpeg 768w, https:\/\/autekoy.fi\/wp-content\/uploads\/2023\/10\/IMG_1558-1-225x300.jpeg 225w, https:\/\/autekoy.fi\/wp-content\/uploads\/2023\/10\/IMG_1558-1-1152x1536.jpeg 1152w, https:\/\/autekoy.fi\/wp-content\/uploads\/2023\/10\/IMG_1558-1.jpeg 1536w\" sizes=\"auto, (max-width: 768px) 100vw, 768px\" \/><\/figure>\n\n\n\n<figure class=\"wp-block-image size-large\"><img loading=\"lazy\" decoding=\"async\" width=\"768\" height=\"1024\" data-id=\"108\" src=\"https:\/\/autekoy.fi\/wp-content\/uploads\/2023\/10\/IMG_1239-1-768x1024.jpeg\" alt=\"\" class=\"wp-image-108\" srcset=\"https:\/\/autekoy.fi\/wp-content\/uploads\/2023\/10\/IMG_1239-1-768x1024.jpeg 768w, https:\/\/autekoy.fi\/wp-content\/uploads\/2023\/10\/IMG_1239-1-225x300.jpeg 225w, https:\/\/autekoy.fi\/wp-content\/uploads\/2023\/10\/IMG_1239-1-1152x1536.jpeg 1152w, https:\/\/autekoy.fi\/wp-content\/uploads\/2023\/10\/IMG_1239-1.jpeg 1536w\" sizes=\"auto, (max-width: 768px) 100vw, 768px\" \/><\/figure>\n\n\n\n<figure class=\"wp-block-image size-large\"><img loading=\"lazy\" decoding=\"async\" width=\"768\" height=\"1024\" data-id=\"105\" src=\"https:\/\/autekoy.fi\/wp-content\/uploads\/2023\/10\/IMG_0893-1-768x1024.jpeg\" alt=\"\" class=\"wp-image-105\" srcset=\"https:\/\/autekoy.fi\/wp-content\/uploads\/2023\/10\/IMG_0893-1-768x1024.jpeg 768w, https:\/\/autekoy.fi\/wp-content\/uploads\/2023\/10\/IMG_0893-1-225x300.jpeg 225w, https:\/\/autekoy.fi\/wp-content\/uploads\/2023\/10\/IMG_0893-1-1152x1536.jpeg 1152w, https:\/\/autekoy.fi\/wp-content\/uploads\/2023\/10\/IMG_0893-1.jpeg 1536w\" sizes=\"auto, (max-width: 768px) 100vw, 768px\" \/><\/figure>\n\n\n\n<figure class=\"wp-block-image size-large\"><img loading=\"lazy\" decoding=\"async\" width=\"768\" height=\"1024\" data-id=\"103\" src=\"https:\/\/autekoy.fi\/wp-content\/uploads\/2023\/10\/IMG_0868-1-768x1024.jpeg\" alt=\"\" class=\"wp-image-103\" srcset=\"https:\/\/autekoy.fi\/wp-content\/uploads\/2023\/10\/IMG_0868-1-768x1024.jpeg 768w, https:\/\/autekoy.fi\/wp-content\/uploads\/2023\/10\/IMG_0868-1-225x300.jpeg 225w, https:\/\/autekoy.fi\/wp-content\/uploads\/2023\/10\/IMG_0868-1-1152x1536.jpeg 1152w, https:\/\/autekoy.fi\/wp-content\/uploads\/2023\/10\/IMG_0868-1.jpeg 1536w\" sizes=\"auto, (max-width: 768px) 100vw, 768px\" \/><\/figure>\n\n\n\n<figure class=\"wp-block-image size-large\"><img loading=\"lazy\" decoding=\"async\" width=\"768\" height=\"1024\" data-id=\"102\" src=\"https:\/\/autekoy.fi\/wp-content\/uploads\/2023\/10\/IMG_0865-1-768x1024.jpeg\" alt=\"\" class=\"wp-image-102\" srcset=\"https:\/\/autekoy.fi\/wp-content\/uploads\/2023\/10\/IMG_0865-1-768x1024.jpeg 768w, https:\/\/autekoy.fi\/wp-content\/uploads\/2023\/10\/IMG_0865-1-225x300.jpeg 225w, https:\/\/autekoy.fi\/wp-content\/uploads\/2023\/10\/IMG_0865-1-1152x1536.jpeg 1152w, https:\/\/autekoy.fi\/wp-content\/uploads\/2023\/10\/IMG_0865-1.jpeg 1536w\" sizes=\"auto, (max-width: 768px) 100vw, 768px\" \/><\/figure>\n<\/figure>\n","protected":false},"excerpt":{"rendered":"<p>automaatio s\u00e4hk\u00f6istys ilmanvaihto<\/p>\n","protected":false},"author":1,"featured_media":0,"parent":0,"menu_order":0,"comment_status":"closed","ping_status":"closed","template":"","meta":{"site-sidebar-layout":"default","site-content-layout":"","ast-site-content-layout":"","site-content-style":"default","site-sidebar-style":"default","ast-global-header-display":"","ast-banner-title-visibility":"","ast-main-header-display":"","ast-hfb-above-header-display":"","ast-hfb-below-header-display":"","ast-hfb-mobile-header-display":"","site-post-title":"","ast-breadcrumbs-content":"","ast-featured-img":"","footer-sml-layout":"","theme-transparent-header-meta":"","adv-header-id-meta":"","stick-header-meta":"","header-above-stick-meta":"","header-main-stick-meta":"","header-below-stick-meta":"","astra-migrate-meta-layouts":"","ast-page-background-enabled":"default","ast-page-background-meta":{"desktop":{"background-color":"var(--ast-global-color-4)","background-image":"","background-repeat":"repeat","background-position":"center center","background-size":"auto","background-attachment":"scroll","background-type":"","background-media":"","overlay-type":"","overlay-color":"","overlay-gradient":""},"tablet":{"background-color":"","background-image":"","background-repeat":"repeat","background-position":"center center","background-size":"auto","background-attachment":"scroll","background-type":"","background-media":"","overlay-type":"","overlay-color":"","overlay-gradient":""},"mobile":{"background-color":"","background-image":"","background-repeat":"repeat","background-position":"center center","background-size":"auto","background-attachment":"scroll","background-type":"","background-media":"","overlay-type":"","overlay-color":"","overlay-gradient":""}},"ast-content-background-meta":{"desktop":{"background-color":"var(--ast-global-color-5)","background-image":"","background-repeat":"repeat","background-position":"center center","background-size":"auto","background-attachment":"scroll","background-type":"","background-media":"","overlay-type":"","overlay-color":"","overlay-gradient":""},"tablet":{"background-color":"var(--ast-global-color-5)","background-image":"","background-repeat":"repeat","background-position":"center center","background-size":"auto","background-attachment":"scroll","background-type":"","background-media":"","overlay-type":"","overlay-color":"","overlay-gradient":""},"mobile":{"background-color":"var(--ast-global-color-5)","background-image":"","background-repeat":"repeat","background-position":"center center","background-size":"auto","background-attachment":"scroll","background-type":"","background-media":"","overlay-type":"","overlay-color":"","overlay-gradient":""}},"footnotes":""},"class_list":["post-8","page","type-page","status-publish","hentry"],"yoast_head":"<!-- This site is optimized with the Yoast SEO plugin v23.4 - https:\/\/yoast.com\/wordpress\/plugins\/seo\/ -->\n<title>Yritys -<\/title>\n<meta name=\"description\" content=\"Autek Oy hoitaa vahvalla kokemuksella kiinteist\u00f6automaatio-, l\u00e4mmitysautomatiikka- ja talotekniikkaty\u00f6t Porissa ja Satakunnassa.\" \/>\n<meta name=\"robots\" content=\"index, follow, max-snippet:-1, max-image-preview:large, max-video-preview:-1\" \/>\n<link rel=\"canonical\" href=\"https:\/\/autekoy.fi\/?page_id=8\" \/>\n<meta property=\"og:locale\" content=\"fi_FI\" \/>\n<meta property=\"og:type\" content=\"article\" \/>\n<meta property=\"og:title\" content=\"Yritys -\" \/>\n<meta property=\"og:description\" content=\"Autek Oy hoitaa vahvalla kokemuksella kiinteist\u00f6automaatio-, l\u00e4mmitysautomatiikka- ja talotekniikkaty\u00f6t Porissa ja Satakunnassa.\" \/>\n<meta property=\"og:url\" content=\"https:\/\/autekoy.fi\/?page_id=8\" \/>\n<meta property=\"article:modified_time\" content=\"2023-11-05T12:03:35+00:00\" \/>\n<meta property=\"og:image\" content=\"https:\/\/autekoy.fi\/wp-content\/uploads\/2023\/10\/IMG_1252-2-768x1024.jpeg\" \/>\n<meta name=\"twitter:card\" content=\"summary_large_image\" \/>\n<meta name=\"twitter:label1\" content=\"Arvioitu lukuaika\" \/>\n\t<meta name=\"twitter:data1\" content=\"3 minuuttia\" \/>\n<script type=\"application\/ld+json\" class=\"yoast-schema-graph\">{\"@context\":\"https:\/\/schema.org\",\"@graph\":[{\"@type\":\"WebPage\",\"@id\":\"https:\/\/autekoy.fi\/?page_id=8\",\"url\":\"https:\/\/autekoy.fi\/?page_id=8\",\"name\":\"Yritys -\",\"isPartOf\":{\"@id\":\"https:\/\/autekoy.fi\/#website\"},\"primaryImageOfPage\":{\"@id\":\"https:\/\/autekoy.fi\/?page_id=8#primaryimage\"},\"image\":{\"@id\":\"https:\/\/autekoy.fi\/?page_id=8#primaryimage\"},\"thumbnailUrl\":\"https:\/\/autekoy.fi\/wp-content\/uploads\/2023\/10\/IMG_1252-2-768x1024.jpeg\",\"datePublished\":\"2021-11-29T09:24:52+00:00\",\"dateModified\":\"2023-11-05T12:03:35+00:00\",\"description\":\"Autek Oy hoitaa vahvalla kokemuksella kiinteist\u00f6automaatio-, l\u00e4mmitysautomatiikka- ja talotekniikkaty\u00f6t Porissa ja Satakunnassa.\",\"breadcrumb\":{\"@id\":\"https:\/\/autekoy.fi\/?page_id=8#breadcrumb\"},\"inLanguage\":\"fi\",\"potentialAction\":[{\"@type\":\"ReadAction\",\"target\":[\"https:\/\/autekoy.fi\/?page_id=8\"]}]},{\"@type\":\"ImageObject\",\"inLanguage\":\"fi\",\"@id\":\"https:\/\/autekoy.fi\/?page_id=8#primaryimage\",\"url\":\"https:\/\/autekoy.fi\/wp-content\/uploads\/2023\/10\/IMG_1252-2.jpeg\",\"contentUrl\":\"https:\/\/autekoy.fi\/wp-content\/uploads\/2023\/10\/IMG_1252-2.jpeg\",\"width\":1536,\"height\":2048},{\"@type\":\"BreadcrumbList\",\"@id\":\"https:\/\/autekoy.fi\/?page_id=8#breadcrumb\",\"itemListElement\":[{\"@type\":\"ListItem\",\"position\":1,\"name\":\"Etusivu\",\"item\":\"https:\/\/autekoy.fi\/\"},{\"@type\":\"ListItem\",\"position\":2,\"name\":\"Yritys\"}]},{\"@type\":\"WebSite\",\"@id\":\"https:\/\/autekoy.fi\/#website\",\"url\":\"https:\/\/autekoy.fi\/\",\"name\":\"\",\"description\":\"Autek Oy hoitaa vahvalla kokemuksella kiinteist\u00f6automaatio-, l\u00e4mmitysautomatiikka- ja talotekniikkaty\u00f6t Porissa ja Satakunnassa.\",\"potentialAction\":[{\"@type\":\"SearchAction\",\"target\":{\"@type\":\"EntryPoint\",\"urlTemplate\":\"https:\/\/autekoy.fi\/?s={search_term_string}\"},\"query-input\":{\"@type\":\"PropertyValueSpecification\",\"valueRequired\":true,\"valueName\":\"search_term_string\"}}],\"inLanguage\":\"fi\"}]}<\/script>\n<!-- \/ Yoast SEO plugin. -->","yoast_head_json":{"title":"Yritys -","description":"Autek Oy hoitaa vahvalla kokemuksella kiinteist\u00f6automaatio-, l\u00e4mmitysautomatiikka- ja talotekniikkaty\u00f6t Porissa ja Satakunnassa.","robots":{"index":"index","follow":"follow","max-snippet":"max-snippet:-1","max-image-preview":"max-image-preview:large","max-video-preview":"max-video-preview:-1"},"canonical":"https:\/\/autekoy.fi\/?page_id=8","og_locale":"fi_FI","og_type":"article","og_title":"Yritys -","og_description":"Autek Oy hoitaa vahvalla kokemuksella kiinteist\u00f6automaatio-, l\u00e4mmitysautomatiikka- ja talotekniikkaty\u00f6t Porissa ja Satakunnassa.","og_url":"https:\/\/autekoy.fi\/?page_id=8","article_modified_time":"2023-11-05T12:03:35+00:00","og_image":[{"url":"https:\/\/autekoy.fi\/wp-content\/uploads\/2023\/10\/IMG_1252-2-768x1024.jpeg"}],"twitter_card":"summary_large_image","twitter_misc":{"Arvioitu lukuaika":"3 minuuttia"},"schema":{"@context":"https:\/\/schema.org","@graph":[{"@type":"WebPage","@id":"https:\/\/autekoy.fi\/?page_id=8","url":"https:\/\/autekoy.fi\/?page_id=8","name":"Yritys -","isPartOf":{"@id":"https:\/\/autekoy.fi\/#website"},"primaryImageOfPage":{"@id":"https:\/\/autekoy.fi\/?page_id=8#primaryimage"},"image":{"@id":"https:\/\/autekoy.fi\/?page_id=8#primaryimage"},"thumbnailUrl":"https:\/\/autekoy.fi\/wp-content\/uploads\/2023\/10\/IMG_1252-2-768x1024.jpeg","datePublished":"2021-11-29T09:24:52+00:00","dateModified":"2023-11-05T12:03:35+00:00","description":"Autek Oy hoitaa vahvalla kokemuksella kiinteist\u00f6automaatio-, l\u00e4mmitysautomatiikka- ja talotekniikkaty\u00f6t Porissa ja Satakunnassa.","breadcrumb":{"@id":"https:\/\/autekoy.fi\/?page_id=8#breadcrumb"},"inLanguage":"fi","potentialAction":[{"@type":"ReadAction","target":["https:\/\/autekoy.fi\/?page_id=8"]}]},{"@type":"ImageObject","inLanguage":"fi","@id":"https:\/\/autekoy.fi\/?page_id=8#primaryimage","url":"https:\/\/autekoy.fi\/wp-content\/uploads\/2023\/10\/IMG_1252-2.jpeg","contentUrl":"https:\/\/autekoy.fi\/wp-content\/uploads\/2023\/10\/IMG_1252-2.jpeg","width":1536,"height":2048},{"@type":"BreadcrumbList","@id":"https:\/\/autekoy.fi\/?page_id=8#breadcrumb","itemListElement":[{"@type":"ListItem","position":1,"name":"Etusivu","item":"https:\/\/autekoy.fi\/"},{"@type":"ListItem","position":2,"name":"Yritys"}]},{"@type":"WebSite","@id":"https:\/\/autekoy.fi\/#website","url":"https:\/\/autekoy.fi\/","name":"","description":"Autek Oy hoitaa vahvalla kokemuksella kiinteist\u00f6automaatio-, l\u00e4mmitysautomatiikka- ja talotekniikkaty\u00f6t Porissa ja Satakunnassa.","potentialAction":[{"@type":"SearchAction","target":{"@type":"EntryPoint","urlTemplate":"https:\/\/autekoy.fi\/?s={search_term_string}"},"query-input":{"@type":"PropertyValueSpecification","valueRequired":true,"valueName":"search_term_string"}}],"inLanguage":"fi"}]}},"_links":{"self":[{"href":"https:\/\/autekoy.fi\/index.php?rest_route=\/wp\/v2\/pages\/8","targetHints":{"allow":["GET"]}}],"collection":[{"href":"https:\/\/autekoy.fi\/index.php?rest_route=\/wp\/v2\/pages"}],"about":[{"href":"https:\/\/autekoy.fi\/index.php?rest_route=\/wp\/v2\/types\/page"}],"author":[{"embeddable":true,"href":"https:\/\/autekoy.fi\/index.php?rest_route=\/wp\/v2\/users\/1"}],"replies":[{"embeddable":true,"href":"https:\/\/autekoy.fi\/index.php?rest_route=%2Fwp%2Fv2%2Fcomments&post=8"}],"version-history":[{"count":19,"href":"https:\/\/autekoy.fi\/index.php?rest_route=\/wp\/v2\/pages\/8\/revisions"}],"predecessor-version":[{"id":158,"href":"https:\/\/autekoy.fi\/index.php?rest_route=\/wp\/v2\/pages\/8\/revisions\/158"}],"wp:attachment":[{"href":"https:\/\/autekoy.fi\/index.php?rest_route=%2Fwp%2Fv2%2Fmedia&parent=8"}],"curies":[{"name":"wp","href":"https:\/\/api.w.org\/{rel}","templated":true}]}}