{"id":7,"date":"2021-11-29T09:24:52","date_gmt":"2021-11-29T09:24:52","guid":{"rendered":"https:\/\/autekoy.fi\/?page_id=7"},"modified":"2023-11-06T11:54:44","modified_gmt":"2023-11-06T11:54:44","slug":"autekoy-7","status":"publish","type":"page","link":"https:\/\/autekoy.fi\/","title":{"rendered":"Autek Oy"},"content":{"rendered":"\n<div class=\"wp-block-media-text alignfull is-stacked-on-mobile is-vertically-aligned-center\"><figure class=\"wp-block-media-text__media\"><img loading=\"lazy\" decoding=\"async\" width=\"768\" height=\"1024\" src=\"https:\/\/autekoy.fi\/wp-content\/uploads\/2023\/10\/IMG_0339-768x1024.jpeg\" alt=\"\" class=\"wp-image-39 size-full\" srcset=\"https:\/\/autekoy.fi\/wp-content\/uploads\/2023\/10\/IMG_0339-768x1024.jpeg 768w, https:\/\/autekoy.fi\/wp-content\/uploads\/2023\/10\/IMG_0339-225x300.jpeg 225w, https:\/\/autekoy.fi\/wp-content\/uploads\/2023\/10\/IMG_0339-1152x1536.jpeg 1152w, https:\/\/autekoy.fi\/wp-content\/uploads\/2023\/10\/IMG_0339.jpeg 1536w\" sizes=\"auto, (max-width: 768px) 100vw, 768px\" \/><\/figure><div class=\"wp-block-media-text__content\">\n<h3 class=\"wp-block-heading has-text-align-center has-text-color\" style=\"color:#000000\"><strong>Hyv\u00e4\u00e4n tulokseen tarvitaan kokemusta<\/strong>!<\/h3>\n\n\n\n<div style=\"height:38px\" aria-hidden=\"true\" class=\"wp-block-spacer\"><\/div>\n\n\n\n<div class=\"wp-block-buttons is-content-justification-center is-layout-flex wp-container-core-buttons-is-layout-a89b3969 wp-block-buttons-is-layout-flex\">\n<div class=\"wp-block-button has-custom-width wp-block-button__width-50\"><a class=\"wp-block-button__link has-text-align-center wp-element-button\" href=\"https:\/\/autekoy.fi\/?page_id=2\">yhteystiedot<\/a><\/div>\n\n\n\n<div class=\"wp-block-button has-custom-width wp-block-button__width-50\"><a class=\"wp-block-button__link wp-element-button\" href=\"https:\/\/autekoy.fi\/?page_id=8\">yritys<\/a><\/div>\n<\/div>\n\n\n\n<div style=\"height:100px\" aria-hidden=\"true\" class=\"wp-block-spacer\"><\/div>\n\n\n\n<figure class=\"wp-block-image size-large is-resized\"><img loading=\"lazy\" decoding=\"async\" width=\"1024\" height=\"320\" src=\"https:\/\/autekoy.fi\/wp-content\/uploads\/2023\/11\/Autekoy-logo-1-1024x320.jpg\" alt=\"\" class=\"wp-image-173\" style=\"aspect-ratio:3.202209005947324;width:589px;height:auto\" srcset=\"https:\/\/autekoy.fi\/wp-content\/uploads\/2023\/11\/Autekoy-logo-1-1024x320.jpg 1024w, https:\/\/autekoy.fi\/wp-content\/uploads\/2023\/11\/Autekoy-logo-1-300x94.jpg 300w, https:\/\/autekoy.fi\/wp-content\/uploads\/2023\/11\/Autekoy-logo-1-768x240.jpg 768w, https:\/\/autekoy.fi\/wp-content\/uploads\/2023\/11\/Autekoy-logo-1-1536x480.jpg 1536w, https:\/\/autekoy.fi\/wp-content\/uploads\/2023\/11\/Autekoy-logo-1-2048x640.jpg 2048w\" sizes=\"auto, (max-width: 1024px) 100vw, 1024px\" \/><\/figure>\n<\/div><\/div>\n\n\n\n<div class=\"wp-block-columns alignfull is-layout-flex wp-container-core-columns-is-layout-28f84493 wp-block-columns-is-layout-flex\">\n<div class=\"wp-block-column is-layout-flow wp-block-column-is-layout-flow\"><\/div>\n\n\n\n<div class=\"wp-block-column is-layout-flow wp-block-column-is-layout-flow\"><div class=\"efbl_feed_wraper efbl_skin_179\" >\n\n\t\t\t\t\t\t<p class=\"efbl_error_msg\"> Error validating access token: The session has been invalidated because the user changed their password or Facebook has changed the session for security reasons. <\/p>\n\t\t\t\t\n\t\t<\/div>\n<\/div>\n<\/div>\n","protected":false},"excerpt":{"rendered":"","protected":false},"author":1,"featured_media":0,"parent":0,"menu_order":0,"comment_status":"closed","ping_status":"closed","template":"","meta":{"site-sidebar-layout":"default","site-content-layout":"","ast-site-content-layout":"","site-content-style":"default","site-sidebar-style":"default","ast-global-header-display":"","ast-banner-title-visibility":"","ast-main-header-display":"","ast-hfb-above-header-display":"","ast-hfb-below-header-display":"","ast-hfb-mobile-header-display":"","site-post-title":"","ast-breadcrumbs-content":"","ast-featured-img":"","footer-sml-layout":"","theme-transparent-header-meta":"","adv-header-id-meta":"","stick-header-meta":"","header-above-stick-meta":"","header-main-stick-meta":"","header-below-stick-meta":"","astra-migrate-meta-layouts":"","ast-page-background-enabled":"default","ast-page-background-meta":{"desktop":{"background-color":"var(--ast-global-color-4)","background-image":"","background-repeat":"repeat","background-position":"center center","background-size":"auto","background-attachment":"scroll","background-type":"","background-media":"","overlay-type":"","overlay-color":"","overlay-gradient":""},"tablet":{"background-color":"","background-image":"","background-repeat":"repeat","background-position":"center center","background-size":"auto","background-attachment":"scroll","background-type":"","background-media":"","overlay-type":"","overlay-color":"","overlay-gradient":""},"mobile":{"background-color":"","background-image":"","background-repeat":"repeat","background-position":"center center","background-size":"auto","background-attachment":"scroll","background-type":"","background-media":"","overlay-type":"","overlay-color":"","overlay-gradient":""}},"ast-content-background-meta":{"desktop":{"background-color":"var(--ast-global-color-5)","background-image":"","background-repeat":"repeat","background-position":"center center","background-size":"auto","background-attachment":"scroll","background-type":"","background-media":"","overlay-type":"","overlay-color":"","overlay-gradient":""},"tablet":{"background-color":"var(--ast-global-color-5)","background-image":"","background-repeat":"repeat","background-position":"center center","background-size":"auto","background-attachment":"scroll","background-type":"","background-media":"","overlay-type":"","overlay-color":"","overlay-gradient":""},"mobile":{"background-color":"var(--ast-global-color-5)","background-image":"","background-repeat":"repeat","background-position":"center center","background-size":"auto","background-attachment":"scroll","background-type":"","background-media":"","overlay-type":"","overlay-color":"","overlay-gradient":""}},"footnotes":""},"class_list":["post-7","page","type-page","status-publish","hentry"],"yoast_head":"<!-- This site is optimized with the Yoast SEO plugin v23.4 - https:\/\/yoast.com\/wordpress\/plugins\/seo\/ -->\n<title>Autek Oy -<\/title>\n<meta name=\"description\" content=\"Autek Oy hoitaa vahvalla kokemuksella kiinteist\u00f6automaatio-, l\u00e4mmitysautomatiikka- ja talotekniikkaty\u00f6t Porissa ja Satakunnassa.\" \/>\n<meta name=\"robots\" content=\"index, follow, max-snippet:-1, max-image-preview:large, max-video-preview:-1\" \/>\n<link rel=\"canonical\" href=\"https:\/\/autekoy.fi\/\" \/>\n<meta property=\"og:locale\" content=\"fi_FI\" \/>\n<meta property=\"og:type\" content=\"article\" \/>\n<meta property=\"og:title\" content=\"Autek Oy -\" \/>\n<meta property=\"og:description\" content=\"Autek Oy hoitaa vahvalla kokemuksella kiinteist\u00f6automaatio-, l\u00e4mmitysautomatiikka- ja talotekniikkaty\u00f6t Porissa ja Satakunnassa.\" \/>\n<meta property=\"og:url\" content=\"https:\/\/autekoy.fi\/\" \/>\n<meta property=\"article:modified_time\" content=\"2023-11-06T11:54:44+00:00\" \/>\n<meta property=\"og:image\" content=\"https:\/\/autekoy.fi\/wp-content\/uploads\/2023\/10\/IMG_0339-768x1024.jpeg\" \/>\n<meta name=\"twitter:card\" content=\"summary_large_image\" \/>\n<meta name=\"twitter:label1\" content=\"Arvioitu lukuaika\" \/>\n\t<meta name=\"twitter:data1\" content=\"1 minuutti\" \/>\n<script type=\"application\/ld+json\" class=\"yoast-schema-graph\">{\"@context\":\"https:\/\/schema.org\",\"@graph\":[{\"@type\":\"WebPage\",\"@id\":\"https:\/\/autekoy.fi\/\",\"url\":\"https:\/\/autekoy.fi\/\",\"name\":\"Autek Oy -\",\"isPartOf\":{\"@id\":\"https:\/\/autekoy.fi\/#website\"},\"primaryImageOfPage\":{\"@id\":\"https:\/\/autekoy.fi\/#primaryimage\"},\"image\":{\"@id\":\"https:\/\/autekoy.fi\/#primaryimage\"},\"thumbnailUrl\":\"https:\/\/autekoy.fi\/wp-content\/uploads\/2023\/10\/IMG_0339-768x1024.jpeg\",\"datePublished\":\"2021-11-29T09:24:52+00:00\",\"dateModified\":\"2023-11-06T11:54:44+00:00\",\"description\":\"Autek Oy hoitaa vahvalla kokemuksella kiinteist\u00f6automaatio-, l\u00e4mmitysautomatiikka- ja talotekniikkaty\u00f6t Porissa ja Satakunnassa.\",\"breadcrumb\":{\"@id\":\"https:\/\/autekoy.fi\/#breadcrumb\"},\"inLanguage\":\"fi\",\"potentialAction\":[{\"@type\":\"ReadAction\",\"target\":[\"https:\/\/autekoy.fi\/\"]}]},{\"@type\":\"ImageObject\",\"inLanguage\":\"fi\",\"@id\":\"https:\/\/autekoy.fi\/#primaryimage\",\"url\":\"https:\/\/autekoy.fi\/wp-content\/uploads\/2023\/10\/IMG_0339.jpeg\",\"contentUrl\":\"https:\/\/autekoy.fi\/wp-content\/uploads\/2023\/10\/IMG_0339.jpeg\",\"width\":1536,\"height\":2048},{\"@type\":\"BreadcrumbList\",\"@id\":\"https:\/\/autekoy.fi\/#breadcrumb\",\"itemListElement\":[{\"@type\":\"ListItem\",\"position\":1,\"name\":\"Etusivu\",\"item\":\"https:\/\/autekoy.fi\/\"},{\"@type\":\"ListItem\",\"position\":2,\"name\":\"Autek Oy\"}]},{\"@type\":\"WebSite\",\"@id\":\"https:\/\/autekoy.fi\/#website\",\"url\":\"https:\/\/autekoy.fi\/\",\"name\":\"\",\"description\":\"Autek Oy hoitaa vahvalla kokemuksella kiinteist\u00f6automaatio-, l\u00e4mmitysautomatiikka- ja talotekniikkaty\u00f6t Porissa ja Satakunnassa.\",\"potentialAction\":[{\"@type\":\"SearchAction\",\"target\":{\"@type\":\"EntryPoint\",\"urlTemplate\":\"https:\/\/autekoy.fi\/?s={search_term_string}\"},\"query-input\":{\"@type\":\"PropertyValueSpecification\",\"valueRequired\":true,\"valueName\":\"search_term_string\"}}],\"inLanguage\":\"fi\"}]}<\/script>\n<!-- \/ Yoast SEO plugin. -->","yoast_head_json":{"title":"Autek Oy -","description":"Autek Oy hoitaa vahvalla kokemuksella kiinteist\u00f6automaatio-, l\u00e4mmitysautomatiikka- ja talotekniikkaty\u00f6t Porissa ja Satakunnassa.","robots":{"index":"index","follow":"follow","max-snippet":"max-snippet:-1","max-image-preview":"max-image-preview:large","max-video-preview":"max-video-preview:-1"},"canonical":"https:\/\/autekoy.fi\/","og_locale":"fi_FI","og_type":"article","og_title":"Autek Oy -","og_description":"Autek Oy hoitaa vahvalla kokemuksella kiinteist\u00f6automaatio-, l\u00e4mmitysautomatiikka- ja talotekniikkaty\u00f6t Porissa ja Satakunnassa.","og_url":"https:\/\/autekoy.fi\/","article_modified_time":"2023-11-06T11:54:44+00:00","og_image":[{"url":"https:\/\/autekoy.fi\/wp-content\/uploads\/2023\/10\/IMG_0339-768x1024.jpeg"}],"twitter_card":"summary_large_image","twitter_misc":{"Arvioitu lukuaika":"1 minuutti"},"schema":{"@context":"https:\/\/schema.org","@graph":[{"@type":"WebPage","@id":"https:\/\/autekoy.fi\/","url":"https:\/\/autekoy.fi\/","name":"Autek Oy -","isPartOf":{"@id":"https:\/\/autekoy.fi\/#website"},"primaryImageOfPage":{"@id":"https:\/\/autekoy.fi\/#primaryimage"},"image":{"@id":"https:\/\/autekoy.fi\/#primaryimage"},"thumbnailUrl":"https:\/\/autekoy.fi\/wp-content\/uploads\/2023\/10\/IMG_0339-768x1024.jpeg","datePublished":"2021-11-29T09:24:52+00:00","dateModified":"2023-11-06T11:54:44+00:00","description":"Autek Oy hoitaa vahvalla kokemuksella kiinteist\u00f6automaatio-, l\u00e4mmitysautomatiikka- ja talotekniikkaty\u00f6t Porissa ja Satakunnassa.","breadcrumb":{"@id":"https:\/\/autekoy.fi\/#breadcrumb"},"inLanguage":"fi","potentialAction":[{"@type":"ReadAction","target":["https:\/\/autekoy.fi\/"]}]},{"@type":"ImageObject","inLanguage":"fi","@id":"https:\/\/autekoy.fi\/#primaryimage","url":"https:\/\/autekoy.fi\/wp-content\/uploads\/2023\/10\/IMG_0339.jpeg","contentUrl":"https:\/\/autekoy.fi\/wp-content\/uploads\/2023\/10\/IMG_0339.jpeg","width":1536,"height":2048},{"@type":"BreadcrumbList","@id":"https:\/\/autekoy.fi\/#breadcrumb","itemListElement":[{"@type":"ListItem","position":1,"name":"Etusivu","item":"https:\/\/autekoy.fi\/"},{"@type":"ListItem","position":2,"name":"Autek Oy"}]},{"@type":"WebSite","@id":"https:\/\/autekoy.fi\/#website","url":"https:\/\/autekoy.fi\/","name":"","description":"Autek Oy hoitaa vahvalla kokemuksella kiinteist\u00f6automaatio-, l\u00e4mmitysautomatiikka- ja talotekniikkaty\u00f6t Porissa ja Satakunnassa.","potentialAction":[{"@type":"SearchAction","target":{"@type":"EntryPoint","urlTemplate":"https:\/\/autekoy.fi\/?s={search_term_string}"},"query-input":{"@type":"PropertyValueSpecification","valueRequired":true,"valueName":"search_term_string"}}],"inLanguage":"fi"}]}},"_links":{"self":[{"href":"https:\/\/autekoy.fi\/index.php?rest_route=\/wp\/v2\/pages\/7","targetHints":{"allow":["GET"]}}],"collection":[{"href":"https:\/\/autekoy.fi\/index.php?rest_route=\/wp\/v2\/pages"}],"about":[{"href":"https:\/\/autekoy.fi\/index.php?rest_route=\/wp\/v2\/types\/page"}],"author":[{"embeddable":true,"href":"https:\/\/autekoy.fi\/index.php?rest_route=\/wp\/v2\/users\/1"}],"replies":[{"embeddable":true,"href":"https:\/\/autekoy.fi\/index.php?rest_route=%2Fwp%2Fv2%2Fcomments&post=7"}],"version-history":[{"count":36,"href":"https:\/\/autekoy.fi\/index.php?rest_route=\/wp\/v2\/pages\/7\/revisions"}],"predecessor-version":[{"id":192,"href":"https:\/\/autekoy.fi\/index.php?rest_route=\/wp\/v2\/pages\/7\/revisions\/192"}],"wp:attachment":[{"href":"https:\/\/autekoy.fi\/index.php?rest_route=%2Fwp%2Fv2%2Fmedia&parent=7"}],"curies":[{"name":"wp","href":"https:\/\/api.w.org\/{rel}","templated":true}]}}