{"id":2,"date":"2021-11-29T09:02:40","date_gmt":"2021-11-29T09:02:40","guid":{"rendered":"https:\/\/autekoy.fi\/?page_id=2"},"modified":"2023-11-05T12:02:27","modified_gmt":"2023-11-05T12:02:27","slug":"yhteystiedot","status":"publish","type":"page","link":"https:\/\/autekoy.fi\/?page_id=2","title":{"rendered":"Yhteystiedot"},"content":{"rendered":"\n<div class=\"wp-block-columns is-layout-flex wp-container-core-columns-is-layout-28f84493 wp-block-columns-is-layout-flex\">\n<div class=\"wp-block-column is-layout-flow wp-block-column-is-layout-flow\" style=\"flex-basis:66.66%\">\n<figure class=\"wp-block-image size-large\"><img loading=\"lazy\" decoding=\"async\" width=\"1024\" height=\"768\" src=\"https:\/\/autekoy.fi\/wp-content\/uploads\/2023\/10\/41e85ba2-35f1-4a22-acff-ccbb5ccbe0a4-1024x768.jpeg\" alt=\"\" class=\"wp-image-70\" srcset=\"https:\/\/autekoy.fi\/wp-content\/uploads\/2023\/10\/41e85ba2-35f1-4a22-acff-ccbb5ccbe0a4-1024x768.jpeg 1024w, https:\/\/autekoy.fi\/wp-content\/uploads\/2023\/10\/41e85ba2-35f1-4a22-acff-ccbb5ccbe0a4-300x225.jpeg 300w, https:\/\/autekoy.fi\/wp-content\/uploads\/2023\/10\/41e85ba2-35f1-4a22-acff-ccbb5ccbe0a4-768x576.jpeg 768w, https:\/\/autekoy.fi\/wp-content\/uploads\/2023\/10\/41e85ba2-35f1-4a22-acff-ccbb5ccbe0a4-1536x1152.jpeg 1536w, https:\/\/autekoy.fi\/wp-content\/uploads\/2023\/10\/41e85ba2-35f1-4a22-acff-ccbb5ccbe0a4.jpeg 1600w\" sizes=\"auto, (max-width: 1024px) 100vw, 1024px\" \/><\/figure>\n<\/div>\n\n\n\n<div class=\"wp-block-column is-layout-flow wp-block-column-is-layout-flow\" style=\"flex-basis:33.33%\">\n<h2 class=\"wp-block-heading\">Autek Oy<\/h2>\n\n\n\n<div style=\"height:9px\" aria-hidden=\"true\" class=\"wp-block-spacer\"><\/div>\n\n\n\n<p>puh. +358 50 3858 200<\/p>\n\n\n\n<p>marko.hellman@autekoy.fi    <\/p>\n\n\n\n<p>johanna.hellman@autekoy.fi<\/p>\n\n\n\n<p> y-tunnus: 2447254-7<\/p>\n\n\n\n<div style=\"height:22px\" aria-hidden=\"true\" class=\"wp-block-spacer\"><\/div>\n\n\n\n<h5 class=\"wp-block-heading\">Laskutus<\/h5>\n\n\n\n<p>verkkolaskuosoite:  <\/p>\n\n\n\n<p><strong>003724472547<\/strong>  OKOYFIHH<\/p>\n<\/div>\n<\/div>\n","protected":false},"excerpt":{"rendered":"<p>Autek Oy puh. +358 50 3858 200 marko.hellman@autekoy.fi johanna.hellman@autekoy.fi y-tunnus: 2447254-7 Laskutus verkkolaskuosoite: 003724472547 OKOYFIHH<\/p>\n","protected":false},"author":1,"featured_media":0,"parent":0,"menu_order":0,"comment_status":"closed","ping_status":"closed","template":"","meta":{"site-sidebar-layout":"default","site-content-layout":"","ast-site-content-layout":"","site-content-style":"default","site-sidebar-style":"default","ast-global-header-display":"","ast-banner-title-visibility":"","ast-main-header-display":"","ast-hfb-above-header-display":"","ast-hfb-below-header-display":"","ast-hfb-mobile-header-display":"","site-post-title":"","ast-breadcrumbs-content":"","ast-featured-img":"","footer-sml-layout":"","theme-transparent-header-meta":"","adv-header-id-meta":"","stick-header-meta":"","header-above-stick-meta":"","header-main-stick-meta":"","header-below-stick-meta":"","astra-migrate-meta-layouts":"","ast-page-background-enabled":"default","ast-page-background-meta":{"desktop":{"background-color":"var(--ast-global-color-4)","background-image":"","background-repeat":"repeat","background-position":"center center","background-size":"auto","background-attachment":"scroll","background-type":"","background-media":"","overlay-type":"","overlay-color":"","overlay-gradient":""},"tablet":{"background-color":"","background-image":"","background-repeat":"repeat","background-position":"center center","background-size":"auto","background-attachment":"scroll","background-type":"","background-media":"","overlay-type":"","overlay-color":"","overlay-gradient":""},"mobile":{"background-color":"","background-image":"","background-repeat":"repeat","background-position":"center center","background-size":"auto","background-attachment":"scroll","background-type":"","background-media":"","overlay-type":"","overlay-color":"","overlay-gradient":""}},"ast-content-background-meta":{"desktop":{"background-color":"var(--ast-global-color-5)","background-image":"","background-repeat":"repeat","background-position":"center center","background-size":"auto","background-attachment":"scroll","background-type":"","background-media":"","overlay-type":"","overlay-color":"","overlay-gradient":""},"tablet":{"background-color":"var(--ast-global-color-5)","background-image":"","background-repeat":"repeat","background-position":"center center","background-size":"auto","background-attachment":"scroll","background-type":"","background-media":"","overlay-type":"","overlay-color":"","overlay-gradient":""},"mobile":{"background-color":"var(--ast-global-color-5)","background-image":"","background-repeat":"repeat","background-position":"center center","background-size":"auto","background-attachment":"scroll","background-type":"","background-media":"","overlay-type":"","overlay-color":"","overlay-gradient":""}},"footnotes":""},"class_list":["post-2","page","type-page","status-publish","hentry"],"yoast_head":"<!-- This site is optimized with the Yoast SEO plugin v23.4 - https:\/\/yoast.com\/wordpress\/plugins\/seo\/ -->\n<title>Yhteystiedot -<\/title>\n<meta name=\"description\" content=\"Autek Oy hoitaa vahvalla kokemuksella kiinteist\u00f6automaatio-, l\u00e4mmitysautomatiikka- ja talotekniikkaty\u00f6t Porissa ja Satakunnassa.\" \/>\n<meta name=\"robots\" content=\"index, follow, max-snippet:-1, max-image-preview:large, max-video-preview:-1\" \/>\n<link rel=\"canonical\" href=\"https:\/\/autekoy.fi\/?page_id=2\" \/>\n<meta property=\"og:locale\" content=\"fi_FI\" \/>\n<meta property=\"og:type\" content=\"article\" \/>\n<meta property=\"og:title\" content=\"Yhteystiedot -\" \/>\n<meta property=\"og:description\" content=\"Autek Oy hoitaa vahvalla kokemuksella kiinteist\u00f6automaatio-, l\u00e4mmitysautomatiikka- ja talotekniikkaty\u00f6t Porissa ja Satakunnassa.\" \/>\n<meta property=\"og:url\" content=\"https:\/\/autekoy.fi\/?page_id=2\" \/>\n<meta property=\"article:modified_time\" content=\"2023-11-05T12:02:27+00:00\" \/>\n<meta property=\"og:image\" content=\"https:\/\/autekoy.fi\/wp-content\/uploads\/2023\/10\/41e85ba2-35f1-4a22-acff-ccbb5ccbe0a4-1024x768.jpeg\" \/>\n<meta name=\"twitter:card\" content=\"summary_large_image\" \/>\n<meta name=\"twitter:label1\" content=\"Arvioitu lukuaika\" \/>\n\t<meta name=\"twitter:data1\" content=\"1 minuutti\" \/>\n<script type=\"application\/ld+json\" class=\"yoast-schema-graph\">{\"@context\":\"https:\/\/schema.org\",\"@graph\":[{\"@type\":\"WebPage\",\"@id\":\"https:\/\/autekoy.fi\/?page_id=2\",\"url\":\"https:\/\/autekoy.fi\/?page_id=2\",\"name\":\"Yhteystiedot -\",\"isPartOf\":{\"@id\":\"https:\/\/autekoy.fi\/#website\"},\"primaryImageOfPage\":{\"@id\":\"https:\/\/autekoy.fi\/?page_id=2#primaryimage\"},\"image\":{\"@id\":\"https:\/\/autekoy.fi\/?page_id=2#primaryimage\"},\"thumbnailUrl\":\"https:\/\/autekoy.fi\/wp-content\/uploads\/2023\/10\/41e85ba2-35f1-4a22-acff-ccbb5ccbe0a4-1024x768.jpeg\",\"datePublished\":\"2021-11-29T09:02:40+00:00\",\"dateModified\":\"2023-11-05T12:02:27+00:00\",\"description\":\"Autek Oy hoitaa vahvalla kokemuksella kiinteist\u00f6automaatio-, l\u00e4mmitysautomatiikka- ja talotekniikkaty\u00f6t Porissa ja Satakunnassa.\",\"breadcrumb\":{\"@id\":\"https:\/\/autekoy.fi\/?page_id=2#breadcrumb\"},\"inLanguage\":\"fi\",\"potentialAction\":[{\"@type\":\"ReadAction\",\"target\":[\"https:\/\/autekoy.fi\/?page_id=2\"]}]},{\"@type\":\"ImageObject\",\"inLanguage\":\"fi\",\"@id\":\"https:\/\/autekoy.fi\/?page_id=2#primaryimage\",\"url\":\"https:\/\/autekoy.fi\/wp-content\/uploads\/2023\/10\/41e85ba2-35f1-4a22-acff-ccbb5ccbe0a4.jpeg\",\"contentUrl\":\"https:\/\/autekoy.fi\/wp-content\/uploads\/2023\/10\/41e85ba2-35f1-4a22-acff-ccbb5ccbe0a4.jpeg\",\"width\":1600,\"height\":1200},{\"@type\":\"BreadcrumbList\",\"@id\":\"https:\/\/autekoy.fi\/?page_id=2#breadcrumb\",\"itemListElement\":[{\"@type\":\"ListItem\",\"position\":1,\"name\":\"Etusivu\",\"item\":\"https:\/\/autekoy.fi\/\"},{\"@type\":\"ListItem\",\"position\":2,\"name\":\"Yhteystiedot\"}]},{\"@type\":\"WebSite\",\"@id\":\"https:\/\/autekoy.fi\/#website\",\"url\":\"https:\/\/autekoy.fi\/\",\"name\":\"\",\"description\":\"Autek Oy hoitaa vahvalla kokemuksella kiinteist\u00f6automaatio-, l\u00e4mmitysautomatiikka- ja talotekniikkaty\u00f6t Porissa ja Satakunnassa.\",\"potentialAction\":[{\"@type\":\"SearchAction\",\"target\":{\"@type\":\"EntryPoint\",\"urlTemplate\":\"https:\/\/autekoy.fi\/?s={search_term_string}\"},\"query-input\":{\"@type\":\"PropertyValueSpecification\",\"valueRequired\":true,\"valueName\":\"search_term_string\"}}],\"inLanguage\":\"fi\"}]}<\/script>\n<!-- \/ Yoast SEO plugin. -->","yoast_head_json":{"title":"Yhteystiedot -","description":"Autek Oy hoitaa vahvalla kokemuksella kiinteist\u00f6automaatio-, l\u00e4mmitysautomatiikka- ja talotekniikkaty\u00f6t Porissa ja Satakunnassa.","robots":{"index":"index","follow":"follow","max-snippet":"max-snippet:-1","max-image-preview":"max-image-preview:large","max-video-preview":"max-video-preview:-1"},"canonical":"https:\/\/autekoy.fi\/?page_id=2","og_locale":"fi_FI","og_type":"article","og_title":"Yhteystiedot -","og_description":"Autek Oy hoitaa vahvalla kokemuksella kiinteist\u00f6automaatio-, l\u00e4mmitysautomatiikka- ja talotekniikkaty\u00f6t Porissa ja Satakunnassa.","og_url":"https:\/\/autekoy.fi\/?page_id=2","article_modified_time":"2023-11-05T12:02:27+00:00","og_image":[{"url":"https:\/\/autekoy.fi\/wp-content\/uploads\/2023\/10\/41e85ba2-35f1-4a22-acff-ccbb5ccbe0a4-1024x768.jpeg"}],"twitter_card":"summary_large_image","twitter_misc":{"Arvioitu lukuaika":"1 minuutti"},"schema":{"@context":"https:\/\/schema.org","@graph":[{"@type":"WebPage","@id":"https:\/\/autekoy.fi\/?page_id=2","url":"https:\/\/autekoy.fi\/?page_id=2","name":"Yhteystiedot -","isPartOf":{"@id":"https:\/\/autekoy.fi\/#website"},"primaryImageOfPage":{"@id":"https:\/\/autekoy.fi\/?page_id=2#primaryimage"},"image":{"@id":"https:\/\/autekoy.fi\/?page_id=2#primaryimage"},"thumbnailUrl":"https:\/\/autekoy.fi\/wp-content\/uploads\/2023\/10\/41e85ba2-35f1-4a22-acff-ccbb5ccbe0a4-1024x768.jpeg","datePublished":"2021-11-29T09:02:40+00:00","dateModified":"2023-11-05T12:02:27+00:00","description":"Autek Oy hoitaa vahvalla kokemuksella kiinteist\u00f6automaatio-, l\u00e4mmitysautomatiikka- ja talotekniikkaty\u00f6t Porissa ja Satakunnassa.","breadcrumb":{"@id":"https:\/\/autekoy.fi\/?page_id=2#breadcrumb"},"inLanguage":"fi","potentialAction":[{"@type":"ReadAction","target":["https:\/\/autekoy.fi\/?page_id=2"]}]},{"@type":"ImageObject","inLanguage":"fi","@id":"https:\/\/autekoy.fi\/?page_id=2#primaryimage","url":"https:\/\/autekoy.fi\/wp-content\/uploads\/2023\/10\/41e85ba2-35f1-4a22-acff-ccbb5ccbe0a4.jpeg","contentUrl":"https:\/\/autekoy.fi\/wp-content\/uploads\/2023\/10\/41e85ba2-35f1-4a22-acff-ccbb5ccbe0a4.jpeg","width":1600,"height":1200},{"@type":"BreadcrumbList","@id":"https:\/\/autekoy.fi\/?page_id=2#breadcrumb","itemListElement":[{"@type":"ListItem","position":1,"name":"Etusivu","item":"https:\/\/autekoy.fi\/"},{"@type":"ListItem","position":2,"name":"Yhteystiedot"}]},{"@type":"WebSite","@id":"https:\/\/autekoy.fi\/#website","url":"https:\/\/autekoy.fi\/","name":"","description":"Autek Oy hoitaa vahvalla kokemuksella kiinteist\u00f6automaatio-, l\u00e4mmitysautomatiikka- ja talotekniikkaty\u00f6t Porissa ja Satakunnassa.","potentialAction":[{"@type":"SearchAction","target":{"@type":"EntryPoint","urlTemplate":"https:\/\/autekoy.fi\/?s={search_term_string}"},"query-input":{"@type":"PropertyValueSpecification","valueRequired":true,"valueName":"search_term_string"}}],"inLanguage":"fi"}]}},"_links":{"self":[{"href":"https:\/\/autekoy.fi\/index.php?rest_route=\/wp\/v2\/pages\/2","targetHints":{"allow":["GET"]}}],"collection":[{"href":"https:\/\/autekoy.fi\/index.php?rest_route=\/wp\/v2\/pages"}],"about":[{"href":"https:\/\/autekoy.fi\/index.php?rest_route=\/wp\/v2\/types\/page"}],"author":[{"embeddable":true,"href":"https:\/\/autekoy.fi\/index.php?rest_route=\/wp\/v2\/users\/1"}],"replies":[{"embeddable":true,"href":"https:\/\/autekoy.fi\/index.php?rest_route=%2Fwp%2Fv2%2Fcomments&post=2"}],"version-history":[{"count":16,"href":"https:\/\/autekoy.fi\/index.php?rest_route=\/wp\/v2\/pages\/2\/revisions"}],"predecessor-version":[{"id":153,"href":"https:\/\/autekoy.fi\/index.php?rest_route=\/wp\/v2\/pages\/2\/revisions\/153"}],"wp:attachment":[{"href":"https:\/\/autekoy.fi\/index.php?rest_route=%2Fwp%2Fv2%2Fmedia&parent=2"}],"curies":[{"name":"wp","href":"https:\/\/api.w.org\/{rel}","templated":true}]}}